{"id":1389,"date":"2023-07-04T13:00:17","date_gmt":"2023-07-04T13:00:17","guid":{"rendered":"https:\/\/seguroslosandes.com\/polizas\/?page_id=1389"},"modified":"2023-09-20T18:53:54","modified_gmt":"2023-09-20T18:53:54","slug":"protector-andes-rcv-planes","status":"publish","type":"page","link":"https:\/\/seguroslosandes.myservy.com\/polizas\/protector-andes-rcv-planes\/","title":{"rendered":"Protector Andes RCV planes"},"content":{"rendered":"<p>[et_pb_section fb_built=\u00bb1&#8243; _builder_version=\u00bb4.20.4&#8243; _module_preset=\u00bbdefault\u00bb background_color=\u00bb#afbd21&#8243; background_enable_image=\u00bboff\u00bb custom_padding=\u00bb100px||1px||false|false\u00bb global_colors_info=\u00bb{}\u00bb][\/et_pb_section][et_pb_section fb_built=\u00bb1&#8243; module_id=\u00bbsection-titulo-planes-section-one\u00bb _builder_version=\u00bb4.20.4&#8243; _module_preset=\u00bbdefault\u00bb background_color=\u00bb#afbd21&#8243; min_height=\u00bb190px\u00bb min_height_tablet=\u00bb190px\u00bb min_height_phone=\u00bb87px\u00bb min_height_last_edited=\u00bbon|phone\u00bb height=\u00bb190px\u00bb height_tablet=\u00bb190px\u00bb height_phone=\u00bb87px\u00bb height_last_edited=\u00bbon|phone\u00bb custom_padding=\u00bb0px||0px||true|false\u00bb global_colors_info=\u00bb{}\u00bb][et_pb_row custom_padding_last_edited=\u00bbon|phone\u00bb _builder_version=\u00bb4.20.4&#8243; _module_preset=\u00bbdefault\u00bb custom_padding_tablet=\u00bb\u00bb custom_padding_phone=\u00bb10px|0px|0px|0px|false|true\u00bb global_colors_info=\u00bb{}\u00bb][et_pb_column type=\u00bb4_4&#8243; _builder_version=\u00bb4.20.4&#8243; _module_preset=\u00bbdefault\u00bb global_colors_info=\u00bb{}\u00bb][et_pb_text _builder_version=\u00bb4.20.4&#8243; _module_preset=\u00bbdefault\u00bb header_font=\u00bb|700|||||||\u00bb header_text_align=\u00bbleft\u00bb header_text_color=\u00bb#005710&#8243; header_2_text_align=\u00bbcenter\u00bb header_2_text_color=\u00bb#005710&#8243; header_2_font_size=\u00bb56px\u00bb custom_padding_tablet=\u00bb\u00bb custom_padding_phone=\u00bb0px||0px||false|false\u00bb custom_padding_last_edited=\u00bbon|phone\u00bb header_2_text_align_phone=\u00bbcenter\u00bb header_2_text_align_last_edited=\u00bboff|tablet\u00bb header_2_font_size_tablet=\u00bb56px\u00bb header_2_font_size_phone=\u00bb24px\u00bb header_2_font_size_last_edited=\u00bbon|phone\u00bb global_colors_info=\u00bb{}\u00bb]<\/p>\n<h2>Protector Andes RCV<\/h2>\n<p>[\/et_pb_text][\/et_pb_column][\/et_pb_row][\/et_pb_section][et_pb_section fb_built=\u00bb1&#8243; _builder_version=\u00bb4.20.4&#8243; _module_preset=\u00bbdefault\u00bb custom_margin=\u00bb0px||0px||true|false\u00bb custom_padding=\u00bb0px||0px||true|false\u00bb global_colors_info=\u00bb{}\u00bb][et_pb_row _builder_version=\u00bb4.20.4&#8243; _module_preset=\u00bbdefault\u00bb global_colors_info=\u00bb{}\u00bb][et_pb_column type=\u00bb4_4&#8243; _builder_version=\u00bb4.20.4&#8243; _module_preset=\u00bbdefault\u00bb global_colors_info=\u00bb{}\u00bb][et_pb_text _builder_version=\u00bb4.20.4&#8243; _module_preset=\u00bbdefault\u00bb text_font=\u00bbCabin||||||||\u00bb text_text_color=\u00bb#000000&#8243; text_font_size=\u00bb26px\u00bb text_line_height=\u00bb1.3em\u00bb text_orientation=\u00bbcenter\u00bb width=\u00bb846px\u00bb width_tablet=\u00bb\u00bb width_phone=\u00bb95%\u00bb width_last_edited=\u00bbon|phone\u00bb module_alignment=\u00bbcenter\u00bb min_height=\u00bb174px\u00bb text_font_size_tablet=\u00bb26px\u00bb text_font_size_phone=\u00bb20px\u00bb text_font_size_last_edited=\u00bbon|phone\u00bb custom_css_main_element=\u00bb    display: flex;||    align-content: center;||    align-items: center;\u00bb global_colors_info=\u00bb{}\u00bb]<\/p>\n<p>Ampara la Responsabilidad Civil del propietario de un veh\u00edculo, para da\u00f1os materiales menores, con cobertura extraterritorial hasta el departamento Norte de Santander en la Rep\u00fablica de Colombia.<\/p>\n<p>[\/et_pb_text][\/et_pb_column][\/et_pb_row][\/et_pb_section][et_pb_section fb_built=\u00bb1&#8243; _builder_version=\u00bb4.20.4&#8243; _module_preset=\u00bbdefault\u00bb custom_padding=\u00bb0px||0px||true|false\u00bb global_colors_info=\u00bb{}\u00bb][et_pb_row _builder_version=\u00bb4.20.4&#8243; _module_preset=\u00bbdefault\u00bb width=\u00bb100%\u00bb global_colors_info=\u00bb{}\u00bb][et_pb_column type=\u00bb4_4&#8243; _builder_version=\u00bb4.20.4&#8243; _module_preset=\u00bbdefault\u00bb global_colors_info=\u00bb{}\u00bb][et_pb_code _builder_version=\u00bb4.20.4&#8243; _module_preset=\u00bbdefault\u00bb global_colors_info=\u00bb{}\u00bb]<\/p>\n<div class=\"caracteristicas-de-planes\"><!-- [et_pb_line_break_holder] -->    <\/p>\n<div class=\"caracteristicas\"><!-- [et_pb_line_break_holder] -->        <\/p>\n<div class=\"titulo-caracteristica\"><\/div>\n<p><!-- [et_pb_line_break_holder] -->        <\/p>\n<div class=\"titulo-siguientes-servicios\">Cuenta con los siguiente servicios:<\/div>\n<p><!-- [et_pb_line_break_holder] -->        <\/p>\n<div class=\"tipo-caracteristica\">Extensi\u00f3n Geogr\u00e1fica y Territorial<!-- [et_pb_line_break_holder] --><\/div>\n<p><!-- [et_pb_line_break_holder] -->        <\/p>\n<div class=\"tipo-caracteristica\">Declaraci\u00f3n conjunta en Venezuela<\/div>\n<p><!-- [et_pb_line_break_holder] -->        <\/p>\n<div class=\"tipo-caracteristica\">Cobertura b\u00e1sica<!-- [et_pb_line_break_holder] -->        <!-- <a class=\"tipocaracteristica-a\">Ver especialidades m\u00e9dicas<\/a> --><!-- [et_pb_line_break_holder] -->    <\/div>\n<p><!-- [et_pb_line_break_holder] -->        <\/p>\n<div class=\"tipo-caracteristica\">Exceso de l\u00edmite<!-- [et_pb_line_break_holder] -->        <!-- <a class=\"tipocaracteristica-a\">Ver ex\u00e1menes cubiertos<\/a> --><!-- [et_pb_line_break_holder] -->        <\/div>\n<p><!-- [et_pb_line_break_holder] -->        <\/p>\n<div class=\"tipo-caracteristica\">Defensa penal<!-- [et_pb_line_break_holder] -->            <!-- <a class=\"tipocaracteristica-a\">Ver ex\u00e1menes cubiertos<\/a> --><!-- [et_pb_line_break_holder] -->        <\/div>\n<p><!-- [et_pb_line_break_holder] -->        <\/p>\n<div class=\"tipo-caracteristica\">Gastos m\u00e9dicos para ocupantes del veh\u00edculo<\/div>\n<p><!-- [et_pb_line_break_holder] -->        <\/p>\n<div class=\"tipo-caracteristica hide\">Asistencia m\u00e9dica necesaria<!-- [et_pb_line_break_holder] -->            <!-- <a class=\"tipocaracteristica-a\">Ver patolog\u00edas amparadas<\/a> --><!-- [et_pb_line_break_holder] -->        <\/div>\n<p><!-- [et_pb_line_break_holder] -->        <\/p>\n<div class=\"tipo-caracteristica hide\">Amparo de muerte o invalidez y gastos funerarios<\/div>\n<p><!-- [et_pb_line_break_holder] -->        <\/p>\n<div class=\"tipo-caracteristica\">POLIZAS DE<\/div>\n<p><!-- [et_pb_line_break_holder] -->    <\/div>\n<p><!-- [et_pb_line_break_holder] -->    <\/p>\n<div class=\"box-planes-caracteristicas\"><!-- [et_pb_line_break_holder] -->    <\/p>\n<div id=\"caracteristica-plan-basico\" class=\"caracteristica-plan-basico\"><!-- [et_pb_line_break_holder] -->        <\/p>\n<div class=\"titulo-caracteristica\">RCV B\u00e1sico<\/div>\n<p><!-- [et_pb_line_break_holder] -->        <\/p>\n<div class=\"tipo-caracteristica-descripcion tipo-caracteristica\"><\/div>\n<p><!-- [et_pb_line_break_holder] -->        <\/p>\n<div class=\"tipo-caracteristica-descripcion tipo-caracteristica\"><img decoding=\"async\" class=\"check-planes skip-lazy\" src=\"https:\/\/seguroslosandes.myservy.com\/polizas\/wp-content\/uploads\/2023\/06\/ic_round-check.png\"><\/div>\n<p><!-- [et_pb_line_break_holder] -->        <\/p>\n<div class=\"tipo-caracteristica-descripcion tipo-caracteristica\"><img decoding=\"async\" class=\"check-planes skip-lazy\" src=\"https:\/\/seguroslosandes.myservy.com\/polizas\/wp-content\/uploads\/2023\/06\/ic_round-check.png\"><\/div>\n<p><!-- [et_pb_line_break_holder] -->        <\/p>\n<div class=\"tipo-caracteristica-descripcion tipo-caracteristica\"><img decoding=\"async\" class=\"check-planes skip-lazy\" src=\"https:\/\/seguroslosandes.myservy.com\/polizas\/wp-content\/uploads\/2023\/06\/ic_round-check.png\"><\/div>\n<p><!-- [et_pb_line_break_holder] -->        <\/p>\n<div class=\"tipo-caracteristica-descripcion tipo-caracteristica\"><img decoding=\"async\" class=\"check-planes skip-lazy\" src=\"https:\/\/seguroslosandes.myservy.com\/polizas\/wp-content\/uploads\/2023\/06\/ic_round-check.png\"><\/div>\n<p><!-- [et_pb_line_break_holder] -->        <\/p>\n<div class=\"tipo-caracteristica-descripcion tipo-caracteristica\"><img decoding=\"async\" class=\"check-planes skip-lazy\" src=\"https:\/\/seguroslosandes.myservy.com\/polizas\/wp-content\/uploads\/2023\/06\/ic_round-check.png\"><\/div>\n<p><!-- [et_pb_line_break_holder] -->        <\/p>\n<div class=\"tipo-caracteristica-descripcion tipo-caracteristica\" ><img decoding=\"async\" class=\"check-planes skip-lazy\" src=\"https:\/\/seguroslosandes.myservy.com\/polizas\/wp-content\/uploads\/2023\/06\/ic_round-check.png\"><\/div>\n<p><!-- [et_pb_line_break_holder] -->       <!-- [et_pb_line_break_holder] -->        <\/p>\n<div class=\"tipo-caracteristica-descripcion tipo-caracteristica\">3.000 USD<pee>Por  49,00 USD al mes<\/pee><\/div>\n<p><!-- [et_pb_line_break_holder] -->    <\/div>\n<p><!-- [et_pb_line_break_holder] --><!-- [et_pb_line_break_holder] -->    <\/p>\n<div id=\"caracteristica-plan-estandar\" class=\"caracteristica-plan-estandar\"><!-- [et_pb_line_break_holder] -->        <\/p>\n<div class=\"titulo-caracteristica\">RCV Plus<\/div>\n<p><!-- [et_pb_line_break_holder] -->        <\/p>\n<div class=\"tipo-caracteristica-descripcion tipo-caracteristica\"><\/div>\n<p><!-- [et_pb_line_break_holder] -->        <\/p>\n<div class=\"tipo-caracteristica-descripcion tipo-caracteristica\"><img decoding=\"async\" class=\"check-planes skip-lazy\" src=\"https:\/\/seguroslosandes.myservy.com\/polizas\/wp-content\/uploads\/2023\/06\/ic_round-check.png\"><\/div>\n<p><!-- [et_pb_line_break_holder] -->        <\/p>\n<div class=\"tipo-caracteristica-descripcion tipo-caracteristica\"><img decoding=\"async\" class=\"check-planes skip-lazy\" src=\"https:\/\/seguroslosandes.myservy.com\/polizas\/wp-content\/uploads\/2023\/06\/ic_round-check.png\"><\/div>\n<p><!-- [et_pb_line_break_holder] -->        <\/p>\n<div class=\"tipo-caracteristica-descripcion tipo-caracteristica\"><img decoding=\"async\" class=\"check-planes skip-lazy\" src=\"https:\/\/seguroslosandes.myservy.com\/polizas\/wp-content\/uploads\/2023\/06\/ic_round-check.png\"><\/div>\n<p><!-- [et_pb_line_break_holder] -->        <\/p>\n<div class=\"tipo-caracteristica-descripcion tipo-caracteristica\"><img decoding=\"async\" class=\"check-planes skip-lazy\" src=\"https:\/\/seguroslosandes.myservy.com\/polizas\/wp-content\/uploads\/2023\/06\/ic_round-check.png\"><\/div>\n<p><!-- [et_pb_line_break_holder] -->        <\/p>\n<div class=\"tipo-caracteristica-descripcion tipo-caracteristica\"><img decoding=\"async\" class=\"check-planes skip-lazy\" src=\"https:\/\/seguroslosandes.myservy.com\/polizas\/wp-content\/uploads\/2023\/06\/ic_round-check.png\"><\/div>\n<p><!-- [et_pb_line_break_holder] -->        <\/p>\n<div class=\"tipo-caracteristica-descripcion tipo-caracteristica\" ><img decoding=\"async\" class=\"check-planes skip-lazy\" src=\"https:\/\/seguroslosandes.myservy.com\/polizas\/wp-content\/uploads\/2023\/06\/ic_round-check.png\"><\/div>\n<p><!-- [et_pb_line_break_holder] -->    <!-- [et_pb_line_break_holder] -->        <\/p>\n<div class=\"tipo-caracteristica-descripcion tipo-caracteristica\">5.000 USD<pee>Por  97,00 USD al mes<\/pee><\/div>\n<p><!-- [et_pb_line_break_holder] -->    <\/div>\n<p><!-- [et_pb_line_break_holder] -->   <!-- [et_pb_line_break_holder] -->    <\/p>\n<div id=\"caracteristica-plan-superior\" class=\"caracteristica-plan-superior hide\"><!-- [et_pb_line_break_holder] -->        <\/p>\n<div class=\"titulo-caracteristica\">Superior<\/div>\n<p><!-- [et_pb_line_break_holder] -->        <\/p>\n<div class=\"tipo-caracteristica-descripcion tipo-caracteristica\"><\/div>\n<p><!-- [et_pb_line_break_holder] -->        <\/p>\n<div class=\"tipo-caracteristica-descripcion tipo-caracteristica\"><img decoding=\"async\" class=\"check-planes skip-lazy\" src=\"https:\/\/seguroslosandes.myservy.com\/polizas\/wp-content\/uploads\/2023\/06\/ic_round-check.png\"><\/div>\n<p><!-- [et_pb_line_break_holder] -->        <\/p>\n<div class=\"tipo-caracteristica-descripcion tipo-caracteristica\"><img decoding=\"async\" class=\"check-planes skip-lazy\" src=\"https:\/\/seguroslosandes.myservy.com\/polizas\/wp-content\/uploads\/2023\/06\/ic_round-check.png\"><\/div>\n<p><!-- [et_pb_line_break_holder] -->        <\/p>\n<div class=\"tipo-caracteristica-descripcion tipo-caracteristica\"><img decoding=\"async\" class=\"check-planes skip-lazy\" src=\"https:\/\/seguroslosandes.myservy.com\/polizas\/wp-content\/uploads\/2023\/06\/ic_round-check.png\"><\/div>\n<p><!-- [et_pb_line_break_holder] -->        <\/p>\n<div class=\"tipo-caracteristica-descripcion tipo-caracteristica\"><img decoding=\"async\" class=\"check-planes skip-lazy\" src=\"https:\/\/seguroslosandes.myservy.com\/polizas\/wp-content\/uploads\/2023\/06\/ic_round-check.png\"><\/div>\n<p><!-- [et_pb_line_break_holder] -->        <\/p>\n<div class=\"tipo-caracteristica-descripcion tipo-caracteristica\"><img decoding=\"async\" class=\"check-planes skip-lazy\" src=\"https:\/\/seguroslosandes.myservy.com\/polizas\/wp-content\/uploads\/2023\/06\/ic_round-check.png\"><\/div>\n<p><!-- [et_pb_line_break_holder] -->        <\/p>\n<div class=\"tipo-caracteristica-descripcion tipo-caracteristica\" ><img decoding=\"async\" class=\"check-planes skip-lazy\" src=\"https:\/\/seguroslosandes.myservy.com\/polizas\/wp-content\/uploads\/2023\/06\/ic_round-check.png\"><\/div>\n<p><!-- [et_pb_line_break_holder] -->        <\/p>\n<div class=\"tipo-caracteristica-descripcion tipo-caracteristica\"><img decoding=\"async\" class=\"check-planes skip-lazy\" src=\"https:\/\/seguroslosandes.myservy.com\/polizas\/wp-content\/uploads\/2023\/06\/ic_round-check.png\"><\/div>\n<p><!-- [et_pb_line_break_holder] -->        <\/p>\n<div class=\"tipo-caracteristica-descripcion tipo-caracteristica\"><img decoding=\"async\" class=\"check-planes skip-lazy\" src=\"https:\/\/seguroslosandes.myservy.com\/polizas\/wp-content\/uploads\/2023\/06\/ic_round-check.png\"><\/div>\n<p><!-- [et_pb_line_break_holder] -->        <\/p>\n<div class=\"tipo-caracteristica-descripcion tipo-caracteristica\">5.000 USD<pee>Por  41,00 USD al mes<\/pee><\/div>\n<p><!-- [et_pb_line_break_holder] -->    <\/div>\n<p><!-- [et_pb_line_break_holder] --><\/div>\n<p><!-- [et_pb_line_break_holder] --><\/div>\n<p>[\/et_pb_code][\/et_pb_column][\/et_pb_row][\/et_pb_section][et_pb_section fb_built=\u00bb1&#8243; _builder_version=\u00bb4.20.4&#8243; _module_preset=\u00bbdefault\u00bb custom_margin=\u00bb0px||0px||true|false\u00bb custom_padding=\u00bb0px||0px||true|false\u00bb global_colors_info=\u00bb{}\u00bb][et_pb_row _builder_version=\u00bb4.20.4&#8243; _module_preset=\u00bbdefault\u00bb global_colors_info=\u00bb{}\u00bb][et_pb_column type=\u00bb4_4&#8243; _builder_version=\u00bb4.20.4&#8243; _module_preset=\u00bbdefault\u00bb global_colors_info=\u00bb{}\u00bb][et_pb_text _builder_version=\u00bb4.20.4&#8243; _module_preset=\u00bbdefault\u00bb text_text_color=\u00bb#000000&#8243; text_font_size=\u00bb26px\u00bb text_line_height=\u00bb1.3em\u00bb text_orientation=\u00bbcenter\u00bb width=\u00bb53rem\u00bb width_tablet=\u00bb\u00bb width_phone=\u00bb95%\u00bb width_last_edited=\u00bbon|phone\u00bb module_alignment=\u00bbcenter\u00bb min_height=\u00bb174px\u00bb text_font_size_tablet=\u00bb26px\u00bb text_font_size_phone=\u00bb20px\u00bb text_font_size_last_edited=\u00bbon|phone\u00bb custom_css_main_element=\u00bb    display: flex;||    align-content: center;||    align-items: center;\u00bb global_colors_info=\u00bb{}\u00bb]Hemos dise\u00f1ado dos planes para que puedas escoger el que m\u00e1s se adapta a tu presupuesto, los cuales aplican s\u00f3lo para veh\u00edculos particulares y r\u00fasticos.[\/et_pb_text][\/et_pb_column][\/et_pb_row][et_pb_row _builder_version=\u00bb4.20.4&#8243; _module_preset=\u00bbdefault\u00bb width=\u00bb100%\u00bb custom_margin=\u00bb0px||0px||true|false\u00bb custom_padding=\u00bb0px||0px||true|false\u00bb global_colors_info=\u00bb{}\u00bb][et_pb_column type=\u00bb4_4&#8243; _builder_version=\u00bb4.20.4&#8243; _module_preset=\u00bbdefault\u00bb global_colors_info=\u00bb{}\u00bb][et_pb_code _builder_version=\u00bb4.20.4&#8243; _module_preset=\u00bbdefault\u00bb global_colors_info=\u00bb{}\u00bb]<\/p>\n<div class=\"box-caracteristicas-de-planes\"><!-- [et_pb_line_break_holder] --><\/p>\n<div class=\"caracteristicas-de-planes\"><!-- [et_pb_line_break_holder] -->    <\/p>\n<div class=\"caracteristicas\"><!-- [et_pb_line_break_holder] -->        <\/p>\n<div class=\"titulo-caracteristica\"><\/div>\n<p><!-- [et_pb_line_break_holder] -->        <\/p>\n<div class=\"titulo-siguientes-servicios\">Pago \u00fanico anual por:<\/div>\n<p><!-- [et_pb_line_break_holder] -->        <\/p>\n<div class=\"tipo-caracteristica\">5 puestos por veh\u00edculo<\/div>\n<p><!-- [et_pb_line_break_holder] -->        <\/p>\n<div class=\"tipo-caracteristica\">7 puestos por veh\u00edculo<!-- [et_pb_line_break_holder] -->        <\/div>\n<p><!-- [et_pb_line_break_holder] -->    <\/div>\n<p><!-- [et_pb_line_break_holder] -->    <\/p>\n<div class=\"box-planes-caracteristicas\"><!-- [et_pb_line_break_holder] -->    <\/p>\n<div id=\"caracteristica-plan-basico\" class=\"caracteristica-plan-basico\"><!-- [et_pb_line_break_holder] -->        <\/p>\n<div class=\"titulo-caracteristica\">RCV B\u00e1sico<\/div>\n<p><!-- [et_pb_line_break_holder] -->        <\/p>\n<div class=\"tipo-caracteristica-descripcion tipo-caracteristica\"><\/div>\n<p><!-- [et_pb_line_break_holder] -->        <\/p>\n<div class=\"tipo-caracteristica-descripcion tipo-caracteristica\">49,00 USD<\/div>\n<p><!-- [et_pb_line_break_holder] -->        <\/p>\n<div class=\"tipo-caracteristica-descripcion tipo-caracteristica\">62,00 USD<\/div>\n<p><!-- [et_pb_line_break_holder] -->        <!-- [et_pb_line_break_holder] -->    <\/div>\n<p><!-- [et_pb_line_break_holder] -->    <!-- [et_pb_line_break_holder] --><!-- [et_pb_line_break_holder] -->    <\/p>\n<div id=\"caracteristica-plan-estandar\" class=\"caracteristica-plan-estandar\"><!-- [et_pb_line_break_holder] -->        <\/p>\n<div class=\"titulo-caracteristica\">RCV Plus<\/div>\n<p><!-- [et_pb_line_break_holder] -->        <\/p>\n<div class=\"tipo-caracteristica-descripcion tipo-caracteristica\"><\/div>\n<p><!-- [et_pb_line_break_holder] -->        <\/p>\n<div class=\"tipo-caracteristica-descripcion tipo-caracteristica\">74,00 USD<\/div>\n<p><!-- [et_pb_line_break_holder] -->        <\/p>\n<div class=\"tipo-caracteristica-descripcion tipo-caracteristica\">97,00 USD<\/div>\n<p><!-- [et_pb_line_break_holder] -->      <!-- [et_pb_line_break_holder] -->    <\/div>\n<p><!-- [et_pb_line_break_holder] -->   <!-- [et_pb_line_break_holder] --><\/div>\n<p><!-- [et_pb_line_break_holder] -->  <!-- [et_pb_line_break_holder] --><\/div>\n<p><!-- [et_pb_line_break_holder] --><!--<pee><!-- [et_pb_line_break_holder] -->    *Las cuotas son mensuales y consecutivas<!-- [et_pb_line_break_holder] -->  <\/pee>&#8211;><!-- [et_pb_line_break_holder] --><\/div>\n<p>[\/et_pb_code][\/et_pb_column][\/et_pb_row][\/et_pb_section][et_pb_section fb_built=\u00bb1&#8243; _builder_version=\u00bb4.20.4&#8243; _module_preset=\u00bbdefault\u00bb global_colors_info=\u00bb{}\u00bb][et_pb_row custom_padding_last_edited=\u00bbon|phone\u00bb _builder_version=\u00bb4.20.4&#8243; _module_preset=\u00bbdefault\u00bb custom_padding_tablet=\u00bb\u00bb custom_padding_phone=\u00bb10px|0px|0px|0px|false|true\u00bb global_colors_info=\u00bb{}\u00bb][et_pb_column type=\u00bb4_4&#8243; _builder_version=\u00bb4.20.4&#8243; _module_preset=\u00bbdefault\u00bb global_colors_info=\u00bb{}\u00bb][et_pb_text _builder_version=\u00bb4.20.4&#8243; _module_preset=\u00bbdefault\u00bb header_3_font=\u00bb|600|||||||\u00bb header_3_text_align=\u00bbleft\u00bb header_3_text_color=\u00bb#005710&#8243; header_3_font_size=\u00bb56px\u00bb header_3_font_size_tablet=\u00bb56px\u00bb header_3_font_size_phone=\u00bb30px\u00bb header_3_font_size_last_edited=\u00bbon|phone\u00bb global_colors_info=\u00bb{}\u00bb]<\/p>\n<h3>Tambi\u00e9n te pude interesar<\/h3>\n<p>[\/et_pb_text][\/et_pb_column][\/et_pb_row][et_pb_row _builder_version=\u00bb4.20.4&#8243; _module_preset=\u00bbdefault\u00bb global_colors_info=\u00bb{}\u00bb][et_pb_column type=\u00bb4_4&#8243; _builder_version=\u00bb4.20.4&#8243; _module_preset=\u00bbdefault\u00bb global_colors_info=\u00bb{}\u00bb][et_pb_toggle title=\u00bbServicios amparados\u00bb module_class=\u00bbdropdown-box\u00bb _builder_version=\u00bb4.20.4&#8243; _module_preset=\u00bbdefault\u00bb title_text_color=\u00bb#616983&#8243; title_font_size=\u00bb32px\u00bb title_font_size_tablet=\u00bb25px\u00bb title_font_size_phone=\u00bb20px\u00bb title_font_size_last_edited=\u00bbon|tablet\u00bb global_colors_info=\u00bb{}\u00bb]<\/p>\n<p><strong>\u25cf EXTENSI\u00d3N GEOGR\u00c1FICA Y TERRITORIAL:<\/strong> Seguros Los Andes, por tener su Sede Principal en San Crist\u00f3bal y una Oficina Comercial en San Antonio, ambas ciudades ubicadas en el estado T\u00e1chira, regi\u00f3n fronteriza con la hermana Rep\u00fablica de Colombia, ampl\u00eda el \u00e1mbito territorial de su Seguro de Responsabilidad Civil de Veh\u00edculos, producto \u201cRCV- Andes Binacional\u201d, dentro del departamento Norte de Santander (Colombia), sin ning\u00fan costo de prima adicional, para las coberturas de da\u00f1os materiales a terceras personas y las del seguro de accidentes personales para los ocupantes del veh\u00edculo, hasta por un cincuenta por ciento (50%) de la suma asegurada contratada bajo estas coberturas.<\/p>\n<p><strong>\u25cf DECLARACI\u00d3N CONJUNTA:<\/strong> Como una forma de agilizar el proceso de los reclamos, as\u00ed como de evitar las molestias y costos que implica para ambas partes (asegurado y tercero) recopilar la documentaci\u00f3n necesaria para dar curso a los siniestros de RCV, activamos el procedimiento de Declaraci\u00f3n Conjunta en caso de da\u00f1os materiales menores.\u00a0 Con s\u00f3lo llenar el formulario correspondiente, tanto por parte del nuestro asegurado como del tercero afectado y cumplir con unos sencillos pasos se podr\u00e1 indemnizar al tercero sin necesidad de ninguna actuaci\u00f3n de la autoridad competente.<\/p>\n<p><strong>\u25cf COBERTURA B\u00c1SICA:<\/strong> Es la que ampara la Responsabilidad Civil Obligatoria del propietario del veh\u00edculo, exigida de acuerdo al marco legal y la unidad tributaria vigente.\u00a0<\/p>\n<p><strong>\u25cf EXCESO DE L\u00cdMITE:<\/strong> Sirve para protegerse ante la insuficiencia de la cobertura b\u00e1sica; ya que las sumas aseguradas de la misma resultan demasiado bajas como consecuencia de la inflaci\u00f3n y la p\u00e9rdida del valor adquisitivo de nuestro signo monetario. Con esta cobertura, suscrita en d\u00f3lares americanos, podr\u00e1s contar con un seguro que realmente te proteja ante cualquier da\u00f1o material o lesi\u00f3n corporal, incluyendo la muerte, que sean ocasionados a terceras personas por el propietario o conductor del veh\u00edculo.<\/p>\n<p><strong>\u25cf DEFENSA PENAL:<\/strong> Mediante esta cobertura se obtiene la asistencia legal necesaria en caso de que el propietario, el conductor o el veh\u00edculo mismo, resulten detenidos por la Autoridad Competente, como consecuencia de un accidente de tr\u00e1nsito. En este caso nuestros abogados se encargar\u00e1n de la liberaci\u00f3n de las personas y el correspondiente veh\u00edculo.<\/p>\n<p>[\/et_pb_toggle][et_pb_toggle title=\u00bbEstudios especiales cubiertos\u00bb module_class=\u00bbdropdown-box\u00bb _builder_version=\u00bb4.20.4&#8243; _module_preset=\u00bbdefault\u00bb title_text_color=\u00bb#616983&#8243; title_font_size=\u00bb32px\u00bb title_font_size_tablet=\u00bb25px\u00bb title_font_size_phone=\u00bb20px\u00bb title_font_size_last_edited=\u00bbon|tablet\u00bb global_colors_info=\u00bb{}\u00bb]En caso de un accidente de tr\u00e1nsito, los ocupantes del veh\u00edculo descrito en la p\u00f3liza que sufran lesiones corporales tendr\u00e1n cobertura para la asistencia m\u00e9dica necesaria, hasta el monto de la suma asegurada contratada, siempre que se encuentren subiendo, dentro del habit\u00e1culo o bajando del mismo.[\/et_pb_toggle][et_pb_toggle title=\u00bbPatolog\u00edas amparadas\u00bb module_class=\u00bbdropdown-box\u00bb _builder_version=\u00bb4.20.4&#8243; _module_preset=\u00bbdefault\u00bb title_text_color=\u00bb#616983&#8243; title_font_size=\u00bb32px\u00bb title_font_size_tablet=\u00bb25px\u00bb title_font_size_phone=\u00bb20px\u00bb title_font_size_last_edited=\u00bbon|tablet\u00bb global_colors_info=\u00bb{}\u00bb]<\/p>\n<p>Este producto se extiende para amparar la <strong>muerte o invalidez<\/strong>, total o parcial, de las personas lesionadas en un accidente de tr\u00e1nsito, as\u00ed como los <strong>gastos funerarios<\/strong> en caso de fallecimiento.<\/p>\n<p>[\/et_pb_toggle][\/et_pb_column][\/et_pb_row][\/et_pb_section]<\/p>\n","protected":false},"excerpt":{"rendered":"<p>Protector Andes RCVAmpara la Responsabilidad Civil del propietario de un veh\u00edculo, para da\u00f1os materiales menores, con cobertura extraterritorial hasta el departamento Norte de Santander en la Rep\u00fablica de Colombia.Hemos dise\u00f1ado dos planes para que puedas escoger el que m\u00e1s se adapta a tu presupuesto, los cuales aplican s\u00f3lo para veh\u00edculos particulares y r\u00fasticos.Tambi\u00e9n te pude [&hellip;]<\/p>\n","protected":false},"author":1,"featured_media":0,"parent":0,"menu_order":0,"comment_status":"closed","ping_status":"closed","template":"","meta":{"_et_pb_use_builder":"on","_et_pb_old_content":"","_et_gb_content_width":"","footnotes":""},"class_list":["post-1389","page","type-page","status-publish","hentry"],"_links":{"self":[{"href":"https:\/\/seguroslosandes.myservy.com\/polizas\/wp-json\/wp\/v2\/pages\/1389","targetHints":{"allow":["GET"]}}],"collection":[{"href":"https:\/\/seguroslosandes.myservy.com\/polizas\/wp-json\/wp\/v2\/pages"}],"about":[{"href":"https:\/\/seguroslosandes.myservy.com\/polizas\/wp-json\/wp\/v2\/types\/page"}],"author":[{"embeddable":true,"href":"https:\/\/seguroslosandes.myservy.com\/polizas\/wp-json\/wp\/v2\/users\/1"}],"replies":[{"embeddable":true,"href":"https:\/\/seguroslosandes.myservy.com\/polizas\/wp-json\/wp\/v2\/comments?post=1389"}],"version-history":[{"count":31,"href":"https:\/\/seguroslosandes.myservy.com\/polizas\/wp-json\/wp\/v2\/pages\/1389\/revisions"}],"predecessor-version":[{"id":2542,"href":"https:\/\/seguroslosandes.myservy.com\/polizas\/wp-json\/wp\/v2\/pages\/1389\/revisions\/2542"}],"wp:attachment":[{"href":"https:\/\/seguroslosandes.myservy.com\/polizas\/wp-json\/wp\/v2\/media?parent=1389"}],"curies":[{"name":"wp","href":"https:\/\/api.w.org\/{rel}","templated":true}]}}