{"id":1139,"date":"2023-06-30T19:04:52","date_gmt":"2023-06-30T19:04:52","guid":{"rendered":"https:\/\/seguroslosandes.com\/polizas\/?page_id=1139"},"modified":"2024-12-09T21:03:56","modified_gmt":"2024-12-09T21:03:56","slug":"oficinas","status":"publish","type":"page","link":"https:\/\/seguroslosandes.myservy.com\/polizas\/oficinas\/","title":{"rendered":"Oficinas"},"content":{"rendered":"<p>[et_pb_section fb_built=\u00bb1&#8243; module_id=\u00bbinicio-poliza\u00bb module_class=\u00bbfirst-section-banner\u00bb _builder_version=\u00bb4.20.4&#8243; _module_preset=\u00bbdefault\u00bb background_image=\u00bbhttps:\/\/seguroslosandes.myservy.com\/polizas\/wp-content\/uploads\/2023\/06\/Header-contactanos.png\u00bb global_colors_info=\u00bb{}\u00bb][\/et_pb_section][et_pb_section fb_built=\u00bb1&#8243; _builder_version=\u00bb4.20.4&#8243; _module_preset=\u00bbdefault\u00bb background_color=\u00bb#afbd21&#8243; global_colors_info=\u00bb{}\u00bb][et_pb_row _builder_version=\u00bb4.20.4&#8243; _module_preset=\u00bbdefault\u00bb global_colors_info=\u00bb{}\u00bb][et_pb_column type=\u00bb4_4&#8243; _builder_version=\u00bb4.20.4&#8243; _module_preset=\u00bbdefault\u00bb global_colors_info=\u00bb{}\u00bb][et_pb_text _builder_version=\u00bb4.20.4&#8243; _module_preset=\u00bbdefault\u00bb header_text_align=\u00bbcenter\u00bb header_text_color=\u00bb#005710&#8243; header_font_size=\u00bb56px\u00bb header_font_size_tablet=\u00bb46px\u00bb header_font_size_phone=\u00bb35px\u00bb header_font_size_last_edited=\u00bbon|phone\u00bb global_colors_info=\u00bb{}\u00bb]<\/p>\n<h1>Oficinas<\/h1>\n<p>[\/et_pb_text][et_pb_text _builder_version=\u00bb4.20.4&#8243; _module_preset=\u00bbdefault\u00bb text_text_color=\u00bb#FFFFFF\u00bb text_font_size=\u00bb24px\u00bb text_line_height=\u00bb32px\u00bb text_orientation=\u00bbcenter\u00bb max_width=\u00bb700px\u00bb max_width_tablet=\u00bb80%\u00bb max_width_phone=\u00bb95%\u00bb max_width_last_edited=\u00bbon|phone\u00bb module_alignment=\u00bbcenter\u00bb global_colors_info=\u00bb{}\u00bb]<\/p>\n<p>Conoce todas nuestras sedes, sus contactos y ubicaci\u00f3n<\/p>\n<p>[\/et_pb_text][\/et_pb_column][\/et_pb_row][et_pb_row _builder_version=\u00bb4.20.4&#8243; _module_preset=\u00bbdefault\u00bb width=\u00bb100%\u00bb max_width=\u00bb95%\u00bb global_colors_info=\u00bb{}\u00bb][et_pb_column type=\u00bb4_4&#8243; _builder_version=\u00bb4.20.4&#8243; _module_preset=\u00bbdefault\u00bb global_colors_info=\u00bb{}\u00bb][et_pb_text _builder_version=\u00bb4.20.4&#8243; _module_preset=\u00bbdefault\u00bb background_color=\u00bbRGBA(255,255,255,0)\u00bb custom_margin=\u00bb||10px||false|false\u00bb custom_margin_tablet=\u00bb||||false|false\u00bb custom_margin_phone=\u00bb||0px||false|false\u00bb custom_margin_last_edited=\u00bbon|phone\u00bb global_colors_info=\u00bb{}\u00bb]<\/p>\n<div class=\"contenedor-fila-containers\">\n<div class=\"container-oficinas\">\n<div class=\"container-info-oficina\">\n<div>\n<h3>San Crist\u00f3bal<\/h3>\n<h4>Sede principal<\/h4>\n<\/div>\n<div class=\"inf-direction\">\n<div class=\"direccionn\"><img decoding=\"async\" src=\"https:\/\/seguroslosandes.myservy.com\/polizas\/wp-content\/uploads\/2023\/06\/ubicacion.png\" alt=\"location\" \/>Av. Las Pilas, Urb. Santa<br \/>\nIn\u00e9s. Edif. Seguro Los Andes.<\/div>\n<div class=\"telefono\"><img decoding=\"async\" src=\"https:\/\/seguroslosandes.myservy.com\/polizas\/wp-content\/uploads\/2023\/06\/Telefono.png\" alt=\"call\" \/>0276-3402515 \/ 3402604<\/div>\n<\/div>\n<\/div>\n<div class=\"container-info-imgen-localization\">\n<p><a href=\"https:\/\/goo.gl\/maps\/nuYM2qQrnkDefCHp7\" target=\"_blank\" rel=\"noopener\"><img decoding=\"async\" src=\"https:\/\/seguroslosandes.myservy.com\/polizas\/wp-content\/uploads\/2023\/07\/MAPA-SLA-SEDE-PCIPAL-1.png\" alt=\"google_maps_ubication\" \/><\/a><\/p>\n<div class=\"boton-localization\"><a href=\"https:\/\/goo.gl\/maps\/nuYM2qQrnkDefCHp7\" target=\"_blank\" rel=\"noopener\">Ver en el mapa<\/a><\/div>\n<\/div>\n<\/div>\n<div class=\"container-oficinas\">\n<div class=\"container-info-oficina\">\n<div>\n<h3>San Antonio del T\u00e1chira<\/h3>\n<\/div>\n<div class=\"inf-direction\">\n<div class=\"direccionn\"><img decoding=\"async\" src=\"https:\/\/seguroslosandes.myservy.com\/polizas\/wp-content\/uploads\/2023\/06\/ubicacion.png\" alt=\"location\" \/>Sector Lagunitas, carrera 7 (entre calles 4 y 5) N\u00b04-24.<\/div>\n<div class=\"telefono\"><img decoding=\"async\" src=\"https:\/\/seguroslosandes.myservy.com\/polizas\/wp-content\/uploads\/2023\/06\/Telefono.png\" alt=\"call\" \/>0276-7710622 \/ 0365 \/ 2361<\/div>\n<\/div>\n<\/div>\n<div class=\"container-info-imgen-localization\">\n<p><a href=\"https:\/\/goo.gl\/maps\/jRxfKYjmEByjLHCr9\" target=\"_blank\" rel=\"noopener\"><img decoding=\"async\" src=\"https:\/\/seguroslosandes.myservy.com\/polizas\/wp-content\/uploads\/2023\/07\/MAPA-SLA-SAN-ANTONIO-1-1.png\" alt=\"google_maps_ubication\" \/><\/a><\/p>\n<div class=\"boton-localization\"><a href=\"https:\/\/goo.gl\/maps\/jRxfKYjmEByjLHCr9\" target=\"_blank\" rel=\"noopener\">Ver en el mapa<\/a><\/div>\n<\/div>\n<\/div>\n<\/div>\n<p>[\/et_pb_text][et_pb_text _builder_version=\u00bb4.20.4&#8243; _module_preset=\u00bbdefault\u00bb background_color=\u00bbRGBA(255,255,255,0)\u00bb custom_margin=\u00bb||10px||false|false\u00bb custom_margin_tablet=\u00bb||||false|false\u00bb custom_margin_phone=\u00bb||0px||false|false\u00bb custom_margin_last_edited=\u00bbon|phone\u00bb global_colors_info=\u00bb{}\u00bb]<\/p>\n<div class=\"contenedor-fila-containers\">\n<div class=\"container-oficinas\">\n<div class=\"container-info-oficina\">\n<div>\n<h3>Valera<\/h3>\n<\/div>\n<div class=\"inf-direction\">\n<div class=\"direccionn\"><img decoding=\"async\" src=\"https:\/\/seguroslosandes.myservy.com\/polizas\/wp-content\/uploads\/2023\/06\/ubicacion.png\" alt=\"location\" \/>Av. Bol\u00edvar, C.C. Invoca, locales 12-14.<\/div>\n<div class=\"telefono\"><img decoding=\"async\" src=\"https:\/\/seguroslosandes.myservy.com\/polizas\/wp-content\/uploads\/2023\/06\/Telefono.png\" alt=\"call\" \/>0271-2211576 \/ 4011 \/ 2259576<\/div>\n<\/div>\n<\/div>\n<div class=\"container-info-imgen-localization\">\n<p><a href=\"https:\/\/goo.gl\/maps\/zdrNw9Wi6L6ThFPd7\" target=\"_blank\" rel=\"noopener\"><img decoding=\"async\" src=\"https:\/\/seguroslosandes.myservy.com\/polizas\/wp-content\/uploads\/2023\/07\/MAPA-SLA-Valera-1-1.png\" alt=\"google_maps_ubication\" \/><\/a><\/p>\n<div class=\"boton-localization\"><a href=\"https:\/\/goo.gl\/maps\/zdrNw9Wi6L6ThFPd7\" target=\"_blank\" rel=\"noopener\">Ver en el mapa<\/a><\/div>\n<\/div>\n<\/div>\n<div class=\"container-oficinas\">\n<div class=\"container-info-oficina\">\n<div>\n<h3>M\u00e9rida<\/h3>\n<\/div>\n<div class=\"inf-direction\">\n<div class=\"direccionn\"><img decoding=\"async\" src=\"https:\/\/seguroslosandes.myservy.com\/polizas\/wp-content\/uploads\/2023\/06\/ubicacion.png\" alt=\"location\" \/>Av. Andr\u00e9s Bello, C.C Las Tapias, piso 3, local 39.<\/div>\n<div class=\"telefono\"><img decoding=\"async\" src=\"https:\/\/seguroslosandes.myservy.com\/polizas\/wp-content\/uploads\/2023\/06\/Telefono.png\" alt=\"call\" \/>0274-2661313 \/ 2311<\/div>\n<\/div>\n<\/div>\n<div class=\"container-info-imgen-localization\">\n<p><a href=\"https:\/\/goo.gl\/maps\/Ws8kKbapvjHCw2YB6\" target=\"_blank\" rel=\"noopener\"><img decoding=\"async\" src=\"https:\/\/seguroslosandes.myservy.com\/polizas\/wp-content\/uploads\/2023\/07\/MAPA-SLA-Merida-1.png\" alt=\"google_maps_ubication\" \/><\/a><\/p>\n<div class=\"boton-localization\"><a href=\"https:\/\/goo.gl\/maps\/Ws8kKbapvjHCw2YB6\" target=\"_blank\" rel=\"noopener\">Ver en el mapa<\/a><\/div>\n<\/div>\n<\/div>\n<\/div>\n<p>[\/et_pb_text][et_pb_text _builder_version=\u00bb4.20.4&#8243; _module_preset=\u00bbdefault\u00bb background_color=\u00bbRGBA(255,255,255,0)\u00bb custom_margin=\u00bb||10px||false|false\u00bb custom_margin_tablet=\u00bb||||false|false\u00bb custom_margin_phone=\u00bb||0px||false|false\u00bb custom_margin_last_edited=\u00bbon|phone\u00bb global_colors_info=\u00bb{}\u00bb]<\/p>\n<div class=\"contenedor-fila-containers\">\n<div class=\"container-oficinas\">\n<div class=\"container-info-oficina\">\n<div>\n<h3>El Vig\u00eda<\/h3>\n<\/div>\n<div class=\"inf-direction\">\n<div class=\"direccionn\"><img decoding=\"async\" src=\"https:\/\/seguroslosandes.myservy.com\/polizas\/wp-content\/uploads\/2023\/06\/ubicacion.png\" alt=\"location\" \/>Av. Bol\u00edvar con calle 13, C.C. Caldas, piso 2, oficina 2.<\/div>\n<div class=\"telefono\"><img decoding=\"async\" src=\"https:\/\/seguroslosandes.myservy.com\/polizas\/wp-content\/uploads\/2023\/06\/Telefono.png\" alt=\"call\" \/>0275-8813398 \/ 5824\u00a0\u00a0<br \/>\n0412-3057429<\/div>\n<\/div>\n<\/div>\n<div class=\"container-info-imgen-localization\">\n<p><a href=\"https:\/\/goo.gl\/maps\/kWhXbn1EQdf6SJC28\" target=\"_blank\" rel=\"noopener\"><img decoding=\"async\" src=\"https:\/\/seguroslosandes.myservy.com\/polizas\/wp-content\/uploads\/2023\/07\/MAPA-SLA-EL-VIGIA.png\" alt=\"google_maps_ubication\" \/><\/a><\/p>\n<div class=\"boton-localization\"><a href=\"https:\/\/goo.gl\/maps\/kWhXbn1EQdf6SJC28\" target=\"_blank\" rel=\"noopener\">Ver en el mapa<\/a><\/div>\n<\/div>\n<\/div>\n<div class=\"container-oficinas\">\n<div class=\"container-info-oficina\">\n<div>\n<h3>Caracas<\/h3>\n<\/div>\n<div class=\"inf-direction\">\n<div class=\"direccionn\"><img decoding=\"async\" src=\"https:\/\/seguroslosandes.myservy.com\/polizas\/wp-content\/uploads\/2023\/06\/ubicacion.png\" alt=\"location\" \/>Chacaito, Urb. El Rosal, Av. Carabobo, diagonal al Automercado Plaza, Edif. Manaure.<\/div>\n<div class=\"telefono\"><img decoding=\"async\" src=\"https:\/\/seguroslosandes.myservy.com\/polizas\/wp-content\/uploads\/2023\/06\/Telefono.png\" alt=\"call\" \/>0212-9516471<\/div>\n<\/div>\n<\/div>\n<div class=\"container-info-imgen-localization\">\n<p><a href=\"https:\/\/goo.gl\/maps\/6ikP2Jt4pUWNvNRy5\" target=\"_blank\" rel=\"noopener\"><img decoding=\"async\" src=\"https:\/\/seguroslosandes.myservy.com\/polizas\/wp-content\/uploads\/2023\/07\/MAPA-SLA-CARACAS.png\" alt=\"google_maps_ubication\" \/><\/a><\/p>\n<div class=\"boton-localization\"><a href=\"https:\/\/goo.gl\/maps\/6ikP2Jt4pUWNvNRy5\" target=\"_blank\" rel=\"noopener\">Ver en el mapa<\/a><\/div>\n<\/div>\n<\/div>\n<\/div>\n<p>[\/et_pb_text][et_pb_text _builder_version=\u00bb4.20.4&#8243; _module_preset=\u00bbdefault\u00bb background_color=\u00bbRGBA(255,255,255,0)\u00bb custom_margin=\u00bb||10px||false|false\u00bb custom_margin_tablet=\u00bb||||false|false\u00bb custom_margin_phone=\u00bb||0px||false|false\u00bb custom_margin_last_edited=\u00bbon|phone\u00bb global_colors_info=\u00bb{}\u00bb]<\/p>\n<div class=\"contenedor-fila-containers\">\n<div class=\"container-oficinas\">\n<div class=\"container-info-oficina\">\n<div>\n<h3>Valencia<\/h3>\n<h4>Sede principal<\/h4>\n<\/div>\n<div class=\"inf-direction\">\n<div class=\"direccionn\"><img decoding=\"async\" src=\"https:\/\/seguroslosandes.myservy.com\/polizas\/wp-content\/uploads\/2023\/06\/ubicacion.png\" alt=\"location\" \/>Av. Salvador Feo La Cruz, cruce con Av. Paseo Venezuela, Torre Cristal, nivel terraza. Sector La Granja, Naguanagua.<\/div>\n<div class=\"telefono\"><img decoding=\"async\" src=\"https:\/\/seguroslosandes.myservy.com\/polizas\/wp-content\/uploads\/2023\/06\/Telefono.png\" alt=\"call\" \/>0241-6179548<\/div>\n<\/div>\n<\/div>\n<div class=\"container-info-imgen-localization\">\n<p><a href=\"https:\/\/goo.gl\/maps\/G4YwWzfSY6fGyEJT9\" target=\"_blank\" rel=\"noopener\"><img decoding=\"async\" src=\"https:\/\/seguroslosandes.myservy.com\/polizas\/wp-content\/uploads\/2023\/07\/MAPA-SLA-VALENCIA.png\" alt=\"google_maps_ubication\" \/><\/a><\/p>\n<div class=\"boton-localization\"><a href=\"https:\/\/goo.gl\/maps\/G4YwWzfSY6fGyEJT9\" target=\"_blank\" rel=\"noopener\">Ver en el mapa<\/a><\/div>\n<\/div>\n<\/div>\n<div class=\"container-oficinas\">\n<div class=\"container-info-oficina\">\n<div>\n<h3>Maracaibo<\/h3>\n<h4>Sede principal<\/h4>\n<\/div>\n<div class=\"inf-direction\">\n<div class=\"direccionn\"><img decoding=\"async\" src=\"https:\/\/seguroslosandes.myservy.com\/polizas\/wp-content\/uploads\/2023\/06\/ubicacion.png\" alt=\"location\" \/>Av. 8 (entre calles 81 y 82) Conj. Resd. Las Colinas, PB L3 y L4.<\/div>\n<div class=\"telefono\"><img decoding=\"async\" src=\"https:\/\/seguroslosandes.myservy.com\/polizas\/wp-content\/uploads\/2023\/06\/Telefono.png\" alt=\"call\" \/>0414-6408352<\/div>\n<\/div>\n<\/div>\n<div class=\"container-info-imgen-localization\">\n<p><a href=\"https:\/\/goo.gl\/maps\/uGCykAtR4TzMqByR7\" target=\"_blank\" rel=\"noopener\"><img decoding=\"async\" src=\"https:\/\/seguroslosandes.myservy.com\/polizas\/wp-content\/uploads\/2023\/07\/MAPA-SLA-MARACAIBO.png\" alt=\"google_maps_ubication\" \/><\/a><\/p>\n<div class=\"boton-localization\"><a href=\"https:\/\/goo.gl\/maps\/uGCykAtR4TzMqByR7\" target=\"_blank\" rel=\"noopener\">Ver en el mapa<\/a><\/div>\n<\/div>\n<\/div>\n<\/div>\n<p>[\/et_pb_text][et_pb_text _builder_version=\u00bb4.20.4&#8243; _module_preset=\u00bbdefault\u00bb background_color=\u00bbRGBA(255,255,255,0)\u00bb custom_margin=\u00bb||10px||false|false\u00bb custom_margin_tablet=\u00bb||||false|false\u00bb custom_margin_phone=\u00bb||0px||false|false\u00bb custom_margin_last_edited=\u00bbon|phone\u00bb hover_enabled=\u00bb0&#8243; global_colors_info=\u00bb{}\u00bb sticky_enabled=\u00bb0&#8243;]<\/p>\n<div class=\"contenedor-fila-containers\">\n<div class=\"container-oficinas\">\n<div class=\"container-info-oficina\">\n<div>\n<h3>Lecher\u00eda<\/h3>\n<h4>Sede principal<\/h4>\n<\/div>\n<div class=\"inf-direction\">\n<div class=\"direccionn\"><img decoding=\"async\" src=\"https:\/\/seguroslosandes.myservy.com\/polizas\/wp-content\/uploads\/2023\/06\/ubicacion.png\" alt=\"location\" \/>Av. Ppal de Lecher\u00eda, C.C Morro Mar, piso 1, locales 6 y 7.<\/div>\n<div class=\"telefono\"><img decoding=\"async\" src=\"https:\/\/seguroslosandes.myservy.com\/polizas\/wp-content\/uploads\/2023\/06\/Telefono.png\" alt=\"call\" \/>0412-0828990<\/div>\n<\/div>\n<\/div>\n<div class=\"container-info-imgen-localization\">\n<p><a href=\"https:\/\/goo.gl\/maps\/b4XN2nB9YoPoC38n8\" target=\"_blank\" rel=\"noopener\"><img decoding=\"async\" src=\"https:\/\/seguroslosandes.myservy.com\/polizas\/wp-content\/uploads\/2023\/07\/MAPA-SLA-LECHERIA.png\" alt=\"google_maps_ubication\" \/><\/a><\/p>\n<div class=\"boton-localization\"><a href=\"https:\/\/goo.gl\/maps\/b4XN2nB9YoPoC38n8\" target=\"_blank\" rel=\"noopener\">Ver en el mapa<\/a><\/div>\n<\/div>\n<\/div>\n<div class=\"container-oficinas\">\n<div class=\"container-info-oficina\">\n<div>\n<h3>Barquisimeto<\/h3>\n<h4>Sede principal<\/h4>\n<\/div>\n<div class=\"inf-direction\">\n<div class=\"direccionn\"><img decoding=\"async\" src=\"https:\/\/seguroslosandes.myservy.com\/polizas\/wp-content\/uploads\/2023\/06\/ubicacion.png\" alt=\"location\" \/>Torre Financiera Lara. Av. Venezuela (entre Av. Los Leones y Bracamonte) Locales PB 8 y 9.<\/div>\n<div class=\"telefono\"><img decoding=\"async\" src=\"https:\/\/seguroslosandes.myservy.com\/polizas\/wp-content\/uploads\/2023\/06\/Telefono.png\" alt=\"call\" \/>0412-3009059<\/div>\n<\/div>\n<\/div>\n<div class=\"container-info-imgen-localization\">\n<p><a href=\"https:\/\/goo.gl\/maps\/sgidzHr7JK8vbrKC9\" target=\"_blank\" rel=\"noopener\"><img decoding=\"async\" src=\"https:\/\/seguroslosandes.myservy.com\/polizas\/wp-content\/uploads\/2023\/07\/MAPA-SLA-BARQUISIMETO.png\" alt=\"google_maps_ubication\" \/><\/a><\/p>\n<div class=\"boton-localization\"><a href=\"https:\/\/goo.gl\/maps\/sgidzHr7JK8vbrKC9\" target=\"_blank\" rel=\"noopener\">Ver en el mapa<\/a><\/div>\n<\/div>\n<\/div>\n<\/div>\n<p>[\/et_pb_text][et_pb_text _builder_version=\u00bb4.20.4&#8243; _module_preset=\u00bbdefault\u00bb background_color=\u00bbRGBA(255,255,255,0)\u00bb custom_margin=\u00bb||10px||false|false\u00bb custom_margin_tablet=\u00bb||||false|false\u00bb custom_margin_phone=\u00bb||0px||false|false\u00bb custom_margin_last_edited=\u00bbon|phone\u00bb global_colors_info=\u00bb{}\u00bb]<\/p>\n<div class=\"contenedor-fila-containers\">\n<div class=\"container-oficinas\">\n<div class=\"container-info-oficina\">\n<div>\n<h3>Acarigua<\/h3>\n<h4>Sede principal<\/h4>\n<\/div>\n<div class=\"inf-direction\">\n<div class=\"direccionn\"><img decoding=\"async\" src=\"https:\/\/seguroslosandes.myservy.com\/polizas\/wp-content\/uploads\/2023\/06\/ubicacion.png\" alt=\"location\" \/>Av. 13 de Junio (entre Av. 17 y 18) Edif. Inverfica, 1er. piso.<\/div>\n<div class=\"telefono\"><img decoding=\"async\" src=\"https:\/\/seguroslosandes.myservy.com\/polizas\/wp-content\/uploads\/2023\/06\/Telefono.png\" alt=\"call\" \/>0255 -6223676 \/ 3845<br \/>\nFax: 6222513<\/div>\n<\/div>\n<\/div>\n<div class=\"container-info-imgen-localization\">\n<p><a href=\"https:\/\/goo.gl\/maps\/wyPVT5ekFCnBxMji9\" target=\"_blank\" rel=\"noopener\"><img decoding=\"async\" src=\"https:\/\/seguroslosandes.myservy.com\/polizas\/wp-content\/uploads\/2023\/07\/MAPA-SLA-PORTUGUESA.png\" alt=\"google_maps_ubication\" \/><\/a><\/p>\n<div class=\"boton-localization\"><a href=\"https:\/\/goo.gl\/maps\/wyPVT5ekFCnBxMji9\" target=\"_blank\" rel=\"noopener\">Ver en el mapa<\/a><\/div>\n<\/div>\n<\/div>\n<div class=\"container-oficinas\">\n<div class=\"container-info-oficina\">\n<div>\n<h3>Guanare<\/h3>\n<h4>Sede principal<\/h4>\n<\/div>\n<div class=\"inf-direction\">\n<div class=\"direccionn\"><img decoding=\"async\" src=\"https:\/\/seguroslosandes.myservy.com\/polizas\/wp-content\/uploads\/2023\/06\/ubicacion.png\" alt=\"location\" \/>Av. Unda, Unicentro Comercial del Este, piso 1, locales 2 y 3.<\/div>\n<div class=\"telefono\"><img decoding=\"async\" src=\"https:\/\/seguroslosandes.myservy.com\/polizas\/wp-content\/uploads\/2023\/06\/Telefono.png\" alt=\"call\" \/>0257-2533023  \/\u00a0 0412-3057416<br \/>\nFax: 2516157<\/div>\n<\/div>\n<\/div>\n<div class=\"container-info-imgen-localization\">\n<p><a href=\"https:\/\/goo.gl\/maps\/ehSPDTutTLkfvepL6\" target=\"_blank\" rel=\"noopener\"><img decoding=\"async\" src=\"https:\/\/seguroslosandes.myservy.com\/polizas\/wp-content\/uploads\/2023\/07\/MAPA-SLA-GUANARE.png\" alt=\"google_maps_ubication\" \/><\/a><\/p>\n<div class=\"boton-localization\"><a href=\"https:\/\/goo.gl\/maps\/ehSPDTutTLkfvepL6\" target=\"_blank\" rel=\"noopener\">Ver en el mapa<\/a><\/div>\n<\/div>\n<\/div>\n<\/div>\n<p>[\/et_pb_text][et_pb_text _builder_version=\u00bb4.20.4&#8243; _module_preset=\u00bbdefault\u00bb background_color=\u00bbRGBA(255,255,255,0)\u00bb custom_margin=\u00bb||10px||false|false\u00bb custom_margin_tablet=\u00bb||||false|false\u00bb custom_margin_phone=\u00bb||0px||false|false\u00bb custom_margin_last_edited=\u00bbon|phone\u00bb global_colors_info=\u00bb{}\u00bb]<\/p>\n<div class=\"contenedor-fila-containers last-box-oficinas\">\n<div class=\"container-oficinas\">\n<div class=\"container-info-oficina\">\n<div>\n<h3>Barinas<\/h3>\n<h4>Sede principal<\/h4>\n<\/div>\n<div class=\"inf-direction\">\n<div class=\"direccionn\"><img decoding=\"async\" src=\"https:\/\/seguroslosandes.myservy.com\/polizas\/wp-content\/uploads\/2023\/06\/ubicacion.png\" alt=\"location\" \/>Av. San Luis, cruce con calle Camejo, C.C. El Trigal, locales A1 y A2.<\/div>\n<div class=\"telefono\"><img decoding=\"async\" src=\"https:\/\/seguroslosandes.myservy.com\/polizas\/wp-content\/uploads\/2023\/06\/Telefono.png\" alt=\"call\" \/> 0273-5524336<\/div>\n<\/div>\n<\/div>\n<div class=\"container-info-imgen-localization\">\n<p><a href=\"https:\/\/goo.gl\/maps\/z2YAnXRgMu8ZscPA9\" target=\"_blank\" rel=\"noopener\"><img decoding=\"async\" src=\"https:\/\/seguroslosandes.myservy.com\/polizas\/wp-content\/uploads\/2023\/07\/MAPA-SLA-BARINAS-1.png\" alt=\"google_maps_ubication\" \/><\/a><\/p>\n<div class=\"boton-localization\"><a href=\"https:\/\/goo.gl\/maps\/z2YAnXRgMu8ZscPA9\" target=\"_blank\" rel=\"noopener\">Ver en el mapa<\/a><\/div>\n<\/div>\n<\/div>\n<div class=\"container-oficinas hide-box\">\n<div class=\"container-info-oficina\">\n<div>\n<h3>Barinas displaynone<\/h3>\n<h4>Sede principal<\/h4>\n<\/div>\n<div class=\"inf-direction\">\n<div class=\"direccionn\"><img decoding=\"async\" src=\"https:\/\/seguroslosandes.myservy.com\/polizas\/wp-content\/uploads\/2023\/06\/ubicacion.png\" alt=\"location\" \/>Av. San Luis, cruce con calle Camejo, C.C. El Trigal, locales A1 y A2.<\/div>\n<div class=\"telefono\"><img decoding=\"async\" src=\"https:\/\/seguroslosandes.myservy.com\/polizas\/wp-content\/uploads\/2023\/06\/Telefono.png\" alt=\"call\" \/>0273.5529010<br \/>\n0273.5529850<br \/>\n0273.5529921<\/div>\n<\/div>\n<\/div>\n<div class=\"container-info-imgen-localization\">\n<p><a href=\"https:\/\/goo.gl\/maps\/XYvXEwNX51kmmyEn6\" target=\"_blank\" rel=\"noopener\"><img decoding=\"async\" src=\"https:\/\/seguroslosandes.myservy.com\/polizas\/wp-content\/uploads\/2023\/06\/Rectangle-111.png\" alt=\"google_maps_ubication\" \/><\/a><\/p>\n<div class=\"boton-localization\"><a href=\"https:\/\/goo.gl\/maps\/XYvXEwNX51kmmyEn6\" target=\"_blank\" rel=\"noopener\">Ver en el mapa<\/a><\/div>\n<\/div>\n<\/div>\n<\/div>\n<p>[\/et_pb_text][\/et_pb_column][\/et_pb_row][\/et_pb_section]<\/p>\n","protected":false},"excerpt":{"rendered":"<p>OficinasConoce todas nuestras sedes, sus contactos y ubicaci\u00f3n San Crist\u00f3bal Sede principal Av. Las Pilas, Urb. Santa In\u00e9s. Edif. Seguro Los Andes. 0276-3402515 \/ 3402604 Ver en el mapa San Antonio del T\u00e1chira Sector Lagunitas, carrera 7 (entre calles 4 y 5) N\u00b04-24. 0276-7710622 \/ 0365 \/ 2361 Ver en el mapa Valera Av. Bol\u00edvar, [&hellip;]<\/p>\n","protected":false},"author":1,"featured_media":0,"parent":0,"menu_order":0,"comment_status":"closed","ping_status":"closed","template":"","meta":{"_et_pb_use_builder":"on","_et_pb_old_content":"<!-- wp:divi\/placeholder \/-->","_et_gb_content_width":"","footnotes":""},"class_list":["post-1139","page","type-page","status-publish","hentry"],"_links":{"self":[{"href":"https:\/\/seguroslosandes.myservy.com\/polizas\/wp-json\/wp\/v2\/pages\/1139","targetHints":{"allow":["GET"]}}],"collection":[{"href":"https:\/\/seguroslosandes.myservy.com\/polizas\/wp-json\/wp\/v2\/pages"}],"about":[{"href":"https:\/\/seguroslosandes.myservy.com\/polizas\/wp-json\/wp\/v2\/types\/page"}],"author":[{"embeddable":true,"href":"https:\/\/seguroslosandes.myservy.com\/polizas\/wp-json\/wp\/v2\/users\/1"}],"replies":[{"embeddable":true,"href":"https:\/\/seguroslosandes.myservy.com\/polizas\/wp-json\/wp\/v2\/comments?post=1139"}],"version-history":[{"count":65,"href":"https:\/\/seguroslosandes.myservy.com\/polizas\/wp-json\/wp\/v2\/pages\/1139\/revisions"}],"predecessor-version":[{"id":3045,"href":"https:\/\/seguroslosandes.myservy.com\/polizas\/wp-json\/wp\/v2\/pages\/1139\/revisions\/3045"}],"wp:attachment":[{"href":"https:\/\/seguroslosandes.myservy.com\/polizas\/wp-json\/wp\/v2\/media?parent=1139"}],"curies":[{"name":"wp","href":"https:\/\/api.w.org\/{rel}","templated":true}]}}